{"id":28,"date":"2026-03-23T11:23:14","date_gmt":"2026-03-23T11:23:14","guid":{"rendered":"https:\/\/leadprospect.ca\/services\/"},"modified":"2026-04-14T17:24:46","modified_gmt":"2026-04-14T17:24:46","slug":"services","status":"publish","type":"page","link":"https:\/\/leadprospect.ca\/fr\/services\/","title":{"rendered":"Our Services"},"content":{"rendered":"<div class=\"wp-block-group alignfull is-style-ext-preset--group--natural-1--section ext-animate--on has-background-background-color has-background has-global-padding is-layout-constrained wp-container-core-group-is-layout-e955bbaf wp-block-group-is-layout-constrained\" style=\"margin-top:0;margin-bottom:0;padding-top:var(--wp--preset--spacing--70);padding-bottom:var(--wp--preset--spacing--70)\">\n<div class=\"wp-block-group alignwide ext-is-logical-start ext-animate--on has-global-padding is-content-justification-left is-layout-constrained wp-container-core-group-is-layout-6729bdbe wp-block-group-is-layout-constrained\">\n<h2 class=\"wp-block-heading ext-animate--on\" style=\"padding-right:var(--wp--preset--spacing--20);padding-left:var(--wp--preset--spacing--20)\">Comment nous <mark style=\"background-color:rgba(0, 0, 0, 0);color:#F1F5F9\" class=\"has-inline-color\">accompagnons<\/mark> nos clients<\/h2>\n\n\n\n<p class=\"has-text-align-left ext-animate--on has-small-font-size\" style=\"padding-right:var(--wp--preset--spacing--20);padding-left:var(--wp--preset--spacing--20)\">Nous avons tous nos forces dans la vie, voici les n\u00f4tres\u2026 <a href=\"https:\/\/leadprospect.ca\/fr\/services\/\" data-type=\"page\" data-id=\"28\"><mark style=\"background-color:rgba(0, 0, 0, 0)\" class=\"has-inline-color has-custom-green-color\">Voir tous nos services<\/mark><\/a><\/p>\n<\/div>\n\n\n\n<div class=\"wp-block-columns alignwide ext-animate--on is-layout-flex wp-container-core-columns-is-layout-08c01c1c wp-block-columns-is-layout-flex\">\n<div class=\"wp-block-column is-vertically-aligned-stretch ext-animate--on is-layout-flow wp-container-core-column-is-layout-119bc444 wp-block-column-is-layout-flow\">\n<div class=\"wp-block-media-text is-stacked-on-mobile is-image-fill-element is-style-ext-preset--media-text--natural-1--card-1 ext-animate--on has-tertiary-background-color has-background is-style-ext-preset--media-text--natural-1--card-1--2\"><figure class=\"wp-block-media-text__media\"><img loading=\"lazy\" decoding=\"async\" width=\"1024\" height=\"683\" src=\"https:\/\/leadprospect.ca\/wp-content\/uploads\/2026\/04\/Untitled-design-7-1024x683.png\" alt=\"\" class=\"wp-image-270 size-full\" style=\"object-position:50% 50%\" srcset=\"https:\/\/leadprospect.ca\/wp-content\/uploads\/2026\/04\/Untitled-design-7-1024x683.png 1024w, https:\/\/leadprospect.ca\/wp-content\/uploads\/2026\/04\/Untitled-design-7-300x200.png 300w, https:\/\/leadprospect.ca\/wp-content\/uploads\/2026\/04\/Untitled-design-7-768x512.png 768w, https:\/\/leadprospect.ca\/wp-content\/uploads\/2026\/04\/Untitled-design-7-18x12.png 18w, https:\/\/leadprospect.ca\/wp-content\/uploads\/2026\/04\/Untitled-design-7.png 1440w\" sizes=\"auto, (max-width: 1024px) 100vw, 1024px\" \/><\/figure><div class=\"wp-block-media-text__content\">\n<div class=\"wp-block-group is-style-default ext-animate--on has-global-padding is-layout-constrained wp-container-core-group-is-layout-9a7b35d3 wp-block-group-is-layout-constrained\" style=\"padding-top:var(--wp--preset--spacing--40);padding-right:var(--wp--preset--spacing--30);padding-bottom:var(--wp--preset--spacing--40);padding-left:var(--wp--preset--spacing--30)\">\n<h2 class=\"wp-block-heading ext-animate--on\" style=\"font-size:clamp(20px, 1.25rem + ((1vw - 3.2px) * 1.25), 32px);\"><mark style=\"background-color:rgba(0, 0, 0, 0);color:#e25af7\" class=\"has-inline-color\">RevOps<\/mark><\/h2>\n\n\n\n<p class=\"ext-animate--on has-small-font-size\">Ce service est con\u00e7u pour r\u00e9pondre efficacement \u00e0 vos besoins sp\u00e9cifiques.<\/p>\n<\/div>\n<\/div><\/div>\n<\/div>\n\n\n\n<div class=\"wp-block-column is-vertically-aligned-stretch ext-animate--on is-layout-flow wp-container-core-column-is-layout-119bc444 wp-block-column-is-layout-flow\">\n<div class=\"wp-block-media-text is-stacked-on-mobile is-image-fill-element is-style-ext-preset--media-text--natural-1--card-1 ext-animate--on has-tertiary-background-color has-background is-style-ext-preset--media-text--natural-1--card-1--3\"><figure class=\"wp-block-media-text__media\"><img loading=\"lazy\" decoding=\"async\" width=\"1024\" height=\"683\" src=\"https:\/\/leadprospect.ca\/wp-content\/uploads\/2026\/04\/Untitled-design-9-1024x683.png\" alt=\"\" class=\"wp-image-271 size-full\" style=\"object-position:50% 50%\" srcset=\"https:\/\/leadprospect.ca\/wp-content\/uploads\/2026\/04\/Untitled-design-9-1024x683.png 1024w, https:\/\/leadprospect.ca\/wp-content\/uploads\/2026\/04\/Untitled-design-9-300x200.png 300w, https:\/\/leadprospect.ca\/wp-content\/uploads\/2026\/04\/Untitled-design-9-768x512.png 768w, https:\/\/leadprospect.ca\/wp-content\/uploads\/2026\/04\/Untitled-design-9-18x12.png 18w, https:\/\/leadprospect.ca\/wp-content\/uploads\/2026\/04\/Untitled-design-9.png 1440w\" sizes=\"auto, (max-width: 1024px) 100vw, 1024px\" \/><\/figure><div class=\"wp-block-media-text__content\">\n<div class=\"wp-block-group is-style-default ext-animate--on has-global-padding is-layout-constrained wp-container-core-group-is-layout-9a7b35d3 wp-block-group-is-layout-constrained\" style=\"padding-top:var(--wp--preset--spacing--40);padding-right:var(--wp--preset--spacing--30);padding-bottom:var(--wp--preset--spacing--40);padding-left:var(--wp--preset--spacing--30)\">\n<h2 class=\"wp-block-heading ext-animate--on\" style=\"font-size:clamp(20px, 1.25rem + ((1vw - 3.2px) * 1.25), 32px);\"><mark style=\"background-color:rgba(0, 0, 0, 0)\" class=\"has-inline-color has-custom-green-color\">Marketing<\/mark><\/h2>\n\n\n\n<p class=\"ext-animate--on has-small-font-size\">Ce service offre des solutions sur mesure pour des r\u00e9sultats optimaux.<\/p>\n<\/div>\n<\/div><\/div>\n<\/div>\n<\/div>\n\n\n\n<div class=\"wp-block-columns alignwide ext-animate--on is-layout-flex wp-container-core-columns-is-layout-967d05ff wp-block-columns-is-layout-flex\" style=\"margin-top:var(--wp--preset--spacing--40)\">\n<div class=\"wp-block-column is-vertically-aligned-stretch ext-animate--on is-layout-flow wp-container-core-column-is-layout-119bc444 wp-block-column-is-layout-flow\">\n<div class=\"wp-block-media-text is-stacked-on-mobile is-image-fill-element is-style-ext-preset--media-text--natural-1--card-1 ext-animate--on has-tertiary-background-color has-background is-style-ext-preset--media-text--natural-1--card-1--4\"><figure class=\"wp-block-media-text__media\"><img loading=\"lazy\" decoding=\"async\" width=\"1024\" height=\"683\" src=\"https:\/\/leadprospect.ca\/wp-content\/uploads\/2026\/04\/Untitled-design-8-1024x683.png\" alt=\"\" class=\"wp-image-272 size-full\" style=\"object-position:50% 50%\" srcset=\"https:\/\/leadprospect.ca\/wp-content\/uploads\/2026\/04\/Untitled-design-8-1024x683.png 1024w, https:\/\/leadprospect.ca\/wp-content\/uploads\/2026\/04\/Untitled-design-8-300x200.png 300w, https:\/\/leadprospect.ca\/wp-content\/uploads\/2026\/04\/Untitled-design-8-768x512.png 768w, https:\/\/leadprospect.ca\/wp-content\/uploads\/2026\/04\/Untitled-design-8-18x12.png 18w, https:\/\/leadprospect.ca\/wp-content\/uploads\/2026\/04\/Untitled-design-8.png 1440w\" sizes=\"auto, (max-width: 1024px) 100vw, 1024px\" \/><\/figure><div class=\"wp-block-media-text__content\">\n<div class=\"wp-block-group is-style-default ext-animate--on has-global-padding is-layout-constrained wp-container-core-group-is-layout-9a7b35d3 wp-block-group-is-layout-constrained\" style=\"padding-top:var(--wp--preset--spacing--40);padding-right:var(--wp--preset--spacing--30);padding-bottom:var(--wp--preset--spacing--40);padding-left:var(--wp--preset--spacing--30)\">\n<h2 class=\"wp-block-heading ext-animate--on\" style=\"font-size:clamp(20.515px, 1.282rem + ((1vw - 3.2px) * 1.301), 33px);\"><mark style=\"background-color:rgba(0, 0, 0, 0);color:#F1F5F9\" class=\"has-inline-color\">Ventes<\/mark><\/h2>\n\n\n\n<p class=\"ext-animate--on has-small-font-size\">Ce service est con\u00e7u pour offrir une valeur exceptionnelle et une grande fiabilit\u00e9.<\/p>\n<\/div>\n<\/div><\/div>\n<\/div>\n\n\n\n<div class=\"wp-block-column is-vertically-aligned-stretch ext-animate--on is-layout-flow wp-container-core-column-is-layout-119bc444 wp-block-column-is-layout-flow\">\n<div class=\"wp-block-media-text is-stacked-on-mobile is-image-fill-element is-style-ext-preset--media-text--natural-1--card-1 ext-animate--on has-tertiary-background-color has-background is-style-ext-preset--media-text--natural-1--card-1--5\"><figure class=\"wp-block-media-text__media\"><img loading=\"lazy\" decoding=\"async\" width=\"1024\" height=\"683\" src=\"https:\/\/leadprospect.ca\/wp-content\/uploads\/2026\/04\/Untitled-design-10-1024x683.png\" alt=\"\" class=\"wp-image-273 size-full\" style=\"object-position:50% 50%\" srcset=\"https:\/\/leadprospect.ca\/wp-content\/uploads\/2026\/04\/Untitled-design-10-1024x683.png 1024w, https:\/\/leadprospect.ca\/wp-content\/uploads\/2026\/04\/Untitled-design-10-300x200.png 300w, https:\/\/leadprospect.ca\/wp-content\/uploads\/2026\/04\/Untitled-design-10-768x512.png 768w, https:\/\/leadprospect.ca\/wp-content\/uploads\/2026\/04\/Untitled-design-10-18x12.png 18w, https:\/\/leadprospect.ca\/wp-content\/uploads\/2026\/04\/Untitled-design-10.png 1440w\" sizes=\"auto, (max-width: 1024px) 100vw, 1024px\" \/><\/figure><div class=\"wp-block-media-text__content\">\n<div class=\"wp-block-group is-style-default ext-animate--on has-global-padding is-layout-constrained wp-container-core-group-is-layout-9a7b35d3 wp-block-group-is-layout-constrained\" style=\"padding-top:var(--wp--preset--spacing--40);padding-right:var(--wp--preset--spacing--30);padding-bottom:var(--wp--preset--spacing--40);padding-left:var(--wp--preset--spacing--30)\">\n<h2 class=\"wp-block-heading ext-animate--on\" style=\"font-size:clamp(20px, 1.25rem + ((1vw - 3.2px) * 1.25), 32px);\"><mark style=\"background-color:rgba(0, 0, 0, 0);color:#e25af7\" class=\"has-inline-color\">Strat\u00e9gie de mise sur le march\u00e9<\/mark><\/h2>\n\n\n\n<p class=\"ext-animate--on has-small-font-size\">Ce service garantit des performances remarquables et la satisfaction client.<\/p>\n<\/div>\n<\/div><\/div>\n<\/div>\n<\/div>\n<\/div>\n\n\n\n<div class=\"wp-block-group alignfull is-style-ext-preset--group--natural-1--section has-tertiary-background-color has-background has-global-padding is-layout-constrained wp-container-core-group-is-layout-e955bbaf wp-block-group-is-layout-constrained\" id=\"services\" style=\"margin-top:0;margin-bottom:0;padding-top:var(--wp--preset--spacing--70);padding-bottom:var(--wp--preset--spacing--70)\">\n<div class=\"wp-block-group alignwide ext-is-logical-start has-global-padding is-content-justification-left is-layout-constrained wp-container-core-group-is-layout-6729bdbe wp-block-group-is-layout-constrained\">\n<h2 class=\"wp-block-heading alignwide has-text-align-center ext-animate--on\">Comment nous travaillons avec vous : <\/h2>\n\n\n\n<h4 class=\"wp-block-heading alignwide has-text-align-center ext-animate--on\">Services fractionn\u00e9s strat\u00e9giques pour acc\u00e9l\u00e9rer la croissance<\/h4>\n\n\n\n<p class=\"ext-animate--on\"><\/p>\n\n\n\n<div class=\"wp-block-columns alignwide is-layout-flex wp-container-core-columns-is-layout-174606dc wp-block-columns-is-layout-flex\">\n<div class=\"wp-block-column is-vertically-aligned-stretch is-layout-flow wp-container-core-column-is-layout-119bc444 wp-block-column-is-layout-flow\">\n<figure class=\"wp-block-image size-full is-resized ext-animate--on is-style-default\" style=\"margin-top:0;margin-bottom:0\"><img loading=\"lazy\" decoding=\"async\" width=\"1440\" height=\"960\" src=\"https:\/\/leadprospect.ca\/wp-content\/uploads\/2026\/03\/Untitled-design-39.png\" alt=\"\" class=\"wp-image-218\" style=\"aspect-ratio:1;object-fit:cover;width:600px;height:auto\" srcset=\"https:\/\/leadprospect.ca\/wp-content\/uploads\/2026\/03\/Untitled-design-39.png 1440w, https:\/\/leadprospect.ca\/wp-content\/uploads\/2026\/03\/Untitled-design-39-300x200.png 300w, https:\/\/leadprospect.ca\/wp-content\/uploads\/2026\/03\/Untitled-design-39-1024x683.png 1024w, https:\/\/leadprospect.ca\/wp-content\/uploads\/2026\/03\/Untitled-design-39-768x512.png 768w, https:\/\/leadprospect.ca\/wp-content\/uploads\/2026\/03\/Untitled-design-39-18x12.png 18w\" sizes=\"auto, (max-width: 1440px) 100vw, 1440px\" \/><\/figure>\n<\/div>\n\n\n\n<div class=\"wp-block-column is-vertically-aligned-center is-layout-flow wp-block-column-is-layout-flow\">\n<div class=\"wp-block-group is-style-ext-preset--group--natural-1--item-card-1--align-start ext-animate--on has-global-padding is-layout-constrained wp-block-group-is-layout-constrained is-style-ext-preset--group--natural-1--item-card-1--align-start--7\">\n<div class=\"wp-block-group is-style-default has-global-padding is-layout-constrained wp-block-group-is-layout-constrained\">\n<div class=\"wp-block-group is-nowrap is-layout-flex wp-container-core-group-is-layout-64fa2afa wp-block-group-is-layout-flex\" style=\"padding-top:0;padding-right:0;padding-bottom:0;padding-left:0\">\n<figure class=\"wp-block-image size-full ext-aspect-landscape wp-duotone-primary-and-secondary\"><img loading=\"lazy\" decoding=\"async\" width=\"48\" height=\"48\" src=\"https:\/\/leadprospect.ca\/wp-content\/uploads\/2026\/03\/Untitled-design-22.png\" alt=\"\" class=\"wp-image-151\" style=\"object-fit:cover\" srcset=\"https:\/\/leadprospect.ca\/wp-content\/uploads\/2026\/03\/Untitled-design-22.png 48w, https:\/\/leadprospect.ca\/wp-content\/uploads\/2026\/03\/Untitled-design-22-12x12.png 12w\" sizes=\"auto, (max-width: 48px) 100vw, 48px\" \/><\/figure>\n\n\n\n<div class=\"wp-block-group wp-container-content-958eb9dc has-global-padding is-layout-constrained wp-container-core-group-is-layout-c06d165c wp-block-group-is-layout-constrained\" style=\"padding-top:0;padding-right:0;padding-bottom:0;padding-left:0\">\n<h3 class=\"wp-block-heading\">Optimisation des op\u00e9rations de revenus<\/h3>\n\n\n\n<p>Nous \u00e9laborons des strat\u00e9gies sur mesure pour optimiser votre cycle de revenus et stimuler une croissance durable.<\/p>\n<\/div>\n<\/div>\n<\/div>\n<\/div>\n\n\n\n<div class=\"wp-block-group is-style-ext-preset--group--natural-1--item-card-1--align-start ext-animate--on has-global-padding is-layout-constrained wp-block-group-is-layout-constrained is-style-ext-preset--group--natural-1--item-card-1--align-start--8\">\n<div class=\"wp-block-group is-style-default has-global-padding is-layout-constrained wp-block-group-is-layout-constrained\">\n<div class=\"wp-block-group is-nowrap is-layout-flex wp-container-core-group-is-layout-64fa2afa wp-block-group-is-layout-flex\" style=\"padding-top:0;padding-right:0;padding-bottom:0;padding-left:0\">\n<figure class=\"wp-block-image size-full ext-aspect-landscape wp-duotone-primary-and-secondary\"><img loading=\"lazy\" decoding=\"async\" width=\"48\" height=\"48\" src=\"https:\/\/leadprospect.ca\/wp-content\/uploads\/2026\/03\/Untitled-design-24.png\" alt=\"\" class=\"wp-image-153\" style=\"object-fit:cover\" srcset=\"https:\/\/leadprospect.ca\/wp-content\/uploads\/2026\/03\/Untitled-design-24.png 48w, https:\/\/leadprospect.ca\/wp-content\/uploads\/2026\/03\/Untitled-design-24-12x12.png 12w\" sizes=\"auto, (max-width: 48px) 100vw, 48px\" \/><\/figure>\n\n\n\n<div class=\"wp-block-group wp-container-content-958eb9dc has-global-padding is-layout-constrained wp-container-core-group-is-layout-c06d165c wp-block-group-is-layout-constrained\" style=\"padding-top:0;padding-right:0;padding-bottom:0;padding-left:0\">\n<h3 class=\"wp-block-heading\">Marketing et d\u00e9veloppement des affaires<\/h3>\n\n\n\n<p>Des initiatives marketing sur mesure con\u00e7ues pour \u00e9largir votre port\u00e9e et augmenter votre retour sur investissement.<\/p>\n<\/div>\n<\/div>\n<\/div>\n<\/div>\n\n\n\n<div class=\"wp-block-group is-style-ext-preset--group--natural-1--item-card-1--align-start ext-animate--on has-global-padding is-layout-constrained wp-block-group-is-layout-constrained is-style-ext-preset--group--natural-1--item-card-1--align-start--9\">\n<div class=\"wp-block-group is-style-default has-global-padding is-layout-constrained wp-block-group-is-layout-constrained\">\n<div class=\"wp-block-group is-nowrap is-layout-flex wp-container-core-group-is-layout-64fa2afa wp-block-group-is-layout-flex\" style=\"padding-top:0;padding-right:0;padding-bottom:0;padding-left:0\">\n<figure class=\"wp-block-image size-full ext-aspect-landscape wp-duotone-primary-and-secondary\"><img loading=\"lazy\" decoding=\"async\" width=\"48\" height=\"48\" src=\"https:\/\/leadprospect.ca\/wp-content\/uploads\/2026\/03\/Untitled-design-34.png\" alt=\"\" class=\"wp-image-206\" style=\"object-fit:cover\" srcset=\"https:\/\/leadprospect.ca\/wp-content\/uploads\/2026\/03\/Untitled-design-34.png 48w, https:\/\/leadprospect.ca\/wp-content\/uploads\/2026\/03\/Untitled-design-34-12x12.png 12w\" sizes=\"auto, (max-width: 48px) 100vw, 48px\" \/><\/figure>\n\n\n\n<div class=\"wp-block-group wp-container-content-958eb9dc has-global-padding is-layout-constrained wp-container-core-group-is-layout-c06d165c wp-block-group-is-layout-constrained\" style=\"padding-top:0;padding-right:0;padding-bottom:0;padding-left:0\">\n<h3 class=\"wp-block-heading\">Conseil en strat\u00e9gie de mise sur le march\u00e9<\/h3>\n\n\n\n<p>Planification compl\u00e8te pour assurer un impact maximal sur le march\u00e9 lors du lancement de votre produit.<\/p>\n<\/div>\n<\/div>\n<\/div>\n<\/div>\n<\/div>\n<\/div>\n<\/div>\n\n\n\n<p class=\"has-text-align-center ext-animate--on\">Vous ne savez pas quelle option correspond \u00e0 votre situation ?<mark style=\"background-color:rgba(0, 0, 0, 0)\" class=\"has-inline-color has-custom-green-color\">\u00a0<\/mark><a href=\"https:\/\/leadprospect.ca\/fr\/contact\/\" data-type=\"page\" data-id=\"26\"><em><mark style=\"background-color:rgba(0, 0, 0, 0)\" class=\"has-inline-color has-custom-green-color\">R\u00e9servez un appel gratuit de 20 minutes<\/mark><\/em><\/a> et nous vous aiderons \u00e0 trouver le bon point de d\u00e9part, en toute transparence, m\u00eame si cela signifie vous orienter ailleurs. <\/p>\n\n\n\n<div class=\"wp-block-buttons ext-animate--on is-content-justification-center is-layout-flex wp-container-core-buttons-is-layout-a89b3969 wp-block-buttons-is-layout-flex\">\n<div class=\"wp-block-button\"><a class=\"wp-block-button__link has-foreground-color has-text-color has-link-color has-text-align-center wp-element-button\">Contactez-nous<\/a><\/div>\n<\/div>\n<\/div>\n\n\n\n<div class=\"wp-block-group alignfull is-style-ext-preset--group--natural-1--section has-background-background-color has-background has-global-padding is-layout-constrained wp-block-group-is-layout-constrained\" style=\"margin-top:0;margin-bottom:0;padding-top:var(--wp--preset--spacing--70);padding-bottom:var(--wp--preset--spacing--70)\">\n<div class=\"wp-block-columns alignwide are-vertically-aligned-center is-layout-flex wp-container-core-columns-is-layout-174606dc wp-block-columns-is-layout-flex\">\n<div class=\"wp-block-column is-vertically-aligned-center is-layout-flow wp-block-column-is-layout-flow\">\n<h2 class=\"wp-block-heading ext-animate--on\">Vous ne savez pas par o\u00f9 commencer ?<\/h2>\n\n\n\n<p class=\"ext-animate--on\" style=\"margin-top:1.5rem\">R\u00e9servez un appel gratuit de 20 minutes. Nous discuterons de votre entreprise, partagerons une perspective honn\u00eate sur ce qui ferait la plus grande diff\u00e9rence, et vous aiderons \u00e0 trouver la meilleure voie \u00e0 suivre, que ce soit avec nous ou non.<\/p>\n\n\n\n<div class=\"wp-block-buttons ext-animate--on is-layout-flex wp-block-buttons-is-layout-flex\">\n<div class=\"wp-block-button is-style-ext-preset--button--natural-1--button-1 is-style-ext-preset--button--natural-1--button-1--11\"><a class=\"wp-block-button__link has-foreground-color has-primary-background-color has-text-color has-background has-link-color wp-element-button\" href=\"https:\/\/leadprospect.ca\/fr\/contact\/\">Discuter avec nous<\/a><\/div>\n<\/div>\n<\/div>\n\n\n\n<div class=\"wp-block-column is-vertically-aligned-center is-layout-flow wp-block-column-is-layout-flow\">\n<figure class=\"wp-block-image size-large is-style-ext-preset--image--natural-1--image-1--content-right ext-animate--on is-style-ext-preset--image--natural-1--image-1--content-right--12\"><img loading=\"lazy\" decoding=\"async\" width=\"1024\" height=\"683\" src=\"https:\/\/leadprospect.ca\/wp-content\/uploads\/2026\/03\/Untitled-design-36-1024x683.png\" alt=\"\" class=\"wp-image-211\" style=\"aspect-ratio:4\/3;object-fit:cover\" srcset=\"https:\/\/leadprospect.ca\/wp-content\/uploads\/2026\/03\/Untitled-design-36-1024x683.png 1024w, https:\/\/leadprospect.ca\/wp-content\/uploads\/2026\/03\/Untitled-design-36-300x200.png 300w, https:\/\/leadprospect.ca\/wp-content\/uploads\/2026\/03\/Untitled-design-36-768x512.png 768w, https:\/\/leadprospect.ca\/wp-content\/uploads\/2026\/03\/Untitled-design-36-18x12.png 18w, https:\/\/leadprospect.ca\/wp-content\/uploads\/2026\/03\/Untitled-design-36.png 1440w\" sizes=\"auto, (max-width: 1024px) 100vw, 1024px\" \/><\/figure>\n<\/div>\n<\/div>\n<\/div>\n\n\n\n<div class=\"wp-block-group alignfull is-style-ext-preset--group--natural-1--section ext-animate--on has-tertiary-background-color has-background has-global-padding is-layout-constrained wp-block-group-is-layout-constrained\" style=\"margin-top:0;margin-bottom:0;padding-top:var(--wp--preset--spacing--70);padding-bottom:var(--wp--preset--spacing--70)\">\n<div class=\"wp-block-columns alignwide are-vertically-aligned-center ext-animate--on is-layout-flex wp-container-core-columns-is-layout-174606dc wp-block-columns-is-layout-flex\">\n<div class=\"wp-block-column is-vertically-aligned-center ext-animate--on is-layout-flow wp-block-column-is-layout-flow\">\n<h2 class=\"wp-block-heading ext-animate--on\">Pour les grandes organisations<\/h2>\n\n\n\n<p class=\"ext-animate--on\" style=\"margin-top:1.5rem\">Lead Prospect collabore avec un nombre limit\u00e9 d\u2019entreprises de taille interm\u00e9diaire et en phase de croissance qui n\u00e9cessitent un leadership senior en revenus, en mode fractionn\u00e9 et \u00e0 grande \u00e9chelle. Ces mandats vont au-del\u00e0 du simple conseil : ce sont des partenariats actifs et op\u00e9rationnels, avec une responsabilit\u00e9 directe sur les r\u00e9sultats de revenus.<\/p>\n\n\n\n<div class=\"wp-block-buttons ext-animate--on is-layout-flex wp-block-buttons-is-layout-flex\">\n<div class=\"wp-block-button is-style-ext-preset--button--natural-1--button-1 ext-animate--on is-style-ext-preset--button--natural-1--button-1--14\"><a class=\"wp-block-button__link wp-element-button\" href=\"https:\/\/leadprospect.ca\/fr\/booking\/\">Demander un devis personnalis\u00e9<\/a><\/div>\n<\/div>\n<\/div>\n\n\n\n<div class=\"wp-block-column is-vertically-aligned-center ext-animate--on is-layout-flow wp-block-column-is-layout-flow\">\n<figure class=\"wp-block-image size-full is-resized is-style-ext-preset--image--natural-1--image-1--content-left ext-animate--on wp-duotone-unset-16 is-style-ext-preset--image--natural-1--image-1--content-left--15\"><img loading=\"lazy\" decoding=\"async\" width=\"1440\" height=\"960\" src=\"https:\/\/leadprospect.ca\/wp-content\/uploads\/2026\/04\/Untitled-design-5.png\" alt=\"\" class=\"wp-image-244\" style=\"aspect-ratio:1.3333333333333333;object-fit:cover;width:600px;height:auto\" srcset=\"https:\/\/leadprospect.ca\/wp-content\/uploads\/2026\/04\/Untitled-design-5.png 1440w, https:\/\/leadprospect.ca\/wp-content\/uploads\/2026\/04\/Untitled-design-5-300x200.png 300w, https:\/\/leadprospect.ca\/wp-content\/uploads\/2026\/04\/Untitled-design-5-1024x683.png 1024w, https:\/\/leadprospect.ca\/wp-content\/uploads\/2026\/04\/Untitled-design-5-768x512.png 768w, https:\/\/leadprospect.ca\/wp-content\/uploads\/2026\/04\/Untitled-design-5-18x12.png 18w\" sizes=\"auto, (max-width: 1440px) 100vw, 1440px\" \/><\/figure>\n<\/div>\n<\/div>\n<\/div>","protected":false},"excerpt":{"rendered":"<p>How We Work With You: Strategic Fractional Services to Accelerate Growth Revenue Operations Optimization We tailor strategies to optimize your revenue cycle and drive sustainable growth. Marketing &amp; Business Development [&hellip;]<\/p>\n","protected":false},"author":1,"featured_media":0,"parent":0,"menu_order":0,"comment_status":"closed","ping_status":"closed","template":"page-with-title","meta":{"_price":"","_stock":"","_tribe_ticket_header":"","_tribe_default_ticket_provider":"","_tribe_ticket_capacity":"0","_ticket_start_date":"","_ticket_end_date":"","_tribe_ticket_show_description":"","_tribe_ticket_show_not_going":false,"_tribe_ticket_use_global_stock":"","_tribe_ticket_global_stock_level":"","_global_stock_mode":"","_global_stock_cap":"","_tribe_rsvp_for_event":"","_tribe_ticket_going_count":"","_tribe_ticket_not_going_count":"","_tribe_tickets_list":"[]","_tribe_ticket_has_attendee_info_fields":false,"_EventAllDay":false,"_EventTimezone":"","_EventStartDate":"","_EventEndDate":"","_EventStartDateUTC":"","_EventEndDateUTC":"","_EventShowMap":false,"_EventShowMapLink":false,"_EventURL":"","_EventCost":"","_EventCostDescription":"","_EventCurrencySymbol":"","_EventCurrencyCode":"","_EventCurrencyPosition":"","_EventDateTimeSeparator":"","_EventTimeRangeSeparator":"","_EventOrganizerID":[],"_EventVenueID":[],"_OrganizerEmail":"","_OrganizerPhone":"","_OrganizerWebsite":"","_VenueAddress":"","_VenueCity":"","_VenueCountry":"","_VenueProvince":"","_VenueState":"","_VenueZip":"","_VenuePhone":"","_VenueURL":"","_VenueStateProvince":"","_VenueLat":"","_VenueLng":"","_VenueShowMap":false,"_VenueShowMapLink":false,"footnotes":"","_tec_slr_enabled":"","_tec_slr_layout":""},"class_list":["post-28","page","type-page","status-publish","hentry"],"ticketed":false,"_links":{"self":[{"href":"https:\/\/leadprospect.ca\/fr\/wp-json\/wp\/v2\/pages\/28","targetHints":{"allow":["GET"]}}],"collection":[{"href":"https:\/\/leadprospect.ca\/fr\/wp-json\/wp\/v2\/pages"}],"about":[{"href":"https:\/\/leadprospect.ca\/fr\/wp-json\/wp\/v2\/types\/page"}],"author":[{"embeddable":true,"href":"https:\/\/leadprospect.ca\/fr\/wp-json\/wp\/v2\/users\/1"}],"replies":[{"embeddable":true,"href":"https:\/\/leadprospect.ca\/fr\/wp-json\/wp\/v2\/comments?post=28"}],"version-history":[{"count":12,"href":"https:\/\/leadprospect.ca\/fr\/wp-json\/wp\/v2\/pages\/28\/revisions"}],"predecessor-version":[{"id":388,"href":"https:\/\/leadprospect.ca\/fr\/wp-json\/wp\/v2\/pages\/28\/revisions\/388"}],"wp:attachment":[{"href":"https:\/\/leadprospect.ca\/fr\/wp-json\/wp\/v2\/media?parent=28"}],"curies":[{"name":"wp","href":"https:\/\/api.w.org\/{rel}","templated":true}]}}