{"id":409,"date":"2026-05-15T13:30:23","date_gmt":"2026-05-15T13:30:23","guid":{"rendered":"https:\/\/leadprospect.ca\/?page_id=409"},"modified":"2026-05-15T14:31:08","modified_gmt":"2026-05-15T14:31:08","slug":"careers","status":"publish","type":"page","link":"https:\/\/leadprospect.ca\/fr\/careers\/","title":{"rendered":"Careers"},"content":{"rendered":"<div class=\"wp-block-group alignfull is-style-ext-preset--group--natural-1--section ext-animate--on has-background-background-color has-background has-global-padding is-layout-constrained wp-container-core-group-is-layout-e955bbaf wp-block-group-is-layout-constrained\" style=\"margin-top:0;margin-bottom:0;padding-top:var(--wp--preset--spacing--70);padding-bottom:var(--wp--preset--spacing--70)\">\n<h2 class=\"wp-block-heading has-text-align-center ext-animate--on\">D\u00e9couvrez des opportunit\u00e9s de carri\u00e8re avec <mark style=\"background-color:rgba(0, 0, 0, 0)\" class=\"has-inline-color has-custom-green-color\">Lead Prospect<\/mark><\/h2>\n\n\n\n<p class=\"has-text-align-center ext-animate--on\" style=\"margin-top:1.5rem\">D\u00e9couvrez des opportunit\u00e9s stimulantes chez Lead Prospect, d\u00e9couvrez notre culture dynamique, nos avantages flexibles et les possibilit\u00e9s d\u2019\u00e9volution pour votre d\u00e9veloppement professionnel.<\/p>\n\n\n\n<div class=\"wp-block-columns alignwide ext-animate--on is-layout-flex wp-container-core-columns-is-layout-08c01c1c wp-block-columns-is-layout-flex\">\n<div class=\"wp-block-column ext-animate--on is-layout-flow wp-container-core-column-is-layout-119bc444 wp-block-column-is-layout-flow\">\n<div class=\"wp-block-group is-style-ext-preset--group--natural-1--item-card-1--align-start ext-animate--on has-global-padding is-layout-constrained wp-block-group-is-layout-constrained is-style-ext-preset--group--natural-1--item-card-1--align-start--2\">\n<div class=\"wp-block-group is-style-default ext-animate--on has-global-padding is-layout-constrained wp-block-group-is-layout-constrained\">\n<h3 class=\"wp-block-heading has-text-align-center ext-animate--on\"><a href=\"https:\/\/leadprospect.ca\/fr\/marketing-and-business-development-coordinator\/\" data-type=\"page\" data-id=\"413\"><mark style=\"background-color:rgba(0, 0, 0, 0)\" class=\"has-inline-color has-custom-green-color\">Coordonnateur(trice) marketing et d\u00e9veloppement des affaires<\/mark><\/a><\/h3>\n\n\n\n<p class=\"has-text-align-center ext-animate--on\">D\u00e9couvrez nos offres d\u2019emploi actuelles et joignez-vous \u00e0 notre \u00e9quipe.<\/p>\n\n\n\n<div class=\"wp-block-group ext-animate--on is-content-justification-center is-nowrap is-layout-flex wp-container-core-group-is-layout-74781885 wp-block-group-is-layout-flex\" style=\"margin-top:24px;padding-top:0;padding-right:0;padding-bottom:0;padding-left:0\">\n<div class=\"wp-block-group ext-animate--on is-nowrap is-layout-flex wp-container-core-group-is-layout-c4295e5f wp-block-group-is-layout-flex\" style=\"padding-top:0;padding-right:0;padding-bottom:0;padding-left:0\">\n<figure class=\"wp-block-image size-large ext-animate--on wp-duotone-primary-foreground\"><img decoding=\"async\" src=\"data:image\/svg+xml;base64,PHN2ZyB4bWxucz0iaHR0cDovL3d3dy53My5vcmcvMjAwMC9zdmciIHdpZHRoPSIyNCIgaGVpZ2h0PSIyNCIgZmlsbD0iIzAwMDAwMCIgdmlld0JveD0iMCAwIDI1NiAyNTYiPjxwYXRoIGQ9Ik0xMjgsNjRhNDAsNDAsMCwxLDAsNDAsNDBBNDAsNDAsMCwwLDAsMTI4LDY0Wm0wLDY0YTI0LDI0LDAsMSwxLDI0LTI0QTI0LDI0LDAsMCwxLDEyOCwxMjhabTAtMTEyYTg4LjEsODguMSwwLDAsMC04OCw4OGMwLDMxLjQsMTQuNTEsNjQuNjgsNDIsOTYuMjVhMjU0LjE5LDI1NC4xOSwwLDAsMCw0MS40NSwzOC4zLDgsOCwwLDAsMCw5LjE4LDBBMjU0LjE5LDI1NC4xOSwwLDAsMCwxNzQsMjAwLjI1YzI3LjQ1LTMxLjU3LDQyLTY0Ljg1LDQyLTk2LjI1QTg4LjEsODguMSwwLDAsMCwxMjgsMTZabTAsMjA2Yy0xNi41My0xMy03Mi02MC43NS03Mi0xMThhNzIsNzIsMCwwLDEsMTQ0LDBDMjAwLDE2MS4yMywxNDQuNTMsMjA5LDEyOCwyMjJaIj48L3BhdGg+PC9zdmc+\" alt=\"\"\/><\/figure>\n\n\n\n<p class=\"ext-animate--on wp-container-content-9cfa9a5a\" style=\"font-size:clamp(14px, 0.875rem + ((1vw - 3.2px) * 0.417), 18px);\">Les Cantons-de-L'Est<\/p>\n<\/div>\n\n\n\n<div class=\"wp-block-group ext-animate--on is-nowrap is-layout-flex wp-container-core-group-is-layout-c4295e5f wp-block-group-is-layout-flex\" style=\"padding-top:0;padding-right:0;padding-bottom:0;padding-left:0\">\n<figure class=\"wp-block-image size-large ext-animate--on wp-container-content-c42f3963 wp-duotone-primary-foreground\"><img decoding=\"async\" src=\"data:image\/svg+xml;base64,PHN2ZyB4bWxucz0iaHR0cDovL3d3dy53My5vcmcvMjAwMC9zdmciIHdpZHRoPSIyNCIgaGVpZ2h0PSIyNCIgZmlsbD0iIzAwMDAwMCIgdmlld0JveD0iMCAwIDI1NiAyNTYiPjxwYXRoIGQ9Ik0xMjgsMjRBMTA0LDEwNCwwLDEsMCwyMzIsMTI4LDEwNC4xMSwxMDQuMTEsMCwwLDAsMTI4LDI0Wm0wLDE5MmE4OCw4OCwwLDEsMSw4OC04OEE4OC4xLDg4LjEsMCwwLDEsMTI4LDIxNlptNjQtODhhOCw4LDAsMCwxLTgsOEgxMjhhOCw4LDAsMCwxLTgtOFY3MmE4LDgsMCwwLDEsMTYsMHY0OGg0OEE4LDgsMCwwLDEsMTkyLDEyOFoiPjwvcGF0aD48L3N2Zz4=\" alt=\"\"\/><\/figure>\n\n\n\n<p class=\"ext-animate--on wp-container-content-9cfa9a5a\" style=\"font-size:clamp(14px, 0.875rem + ((1vw - 3.2px) * 0.417), 18px);\">Temps partiel avec horaires flexibles.<\/p>\n<\/div>\n<\/div>\n<\/div>\n<\/div>\n<\/div>\n<\/div>\n\n\n\n<div class=\"wp-block-columns alignwide ext-animate--on is-layout-flex wp-container-core-columns-is-layout-967d05ff wp-block-columns-is-layout-flex\" style=\"margin-top:var(--wp--preset--spacing--40)\">\n<div class=\"wp-block-column is-layout-flow wp-block-column-is-layout-flow\"><\/div>\n\n\n\n<div class=\"wp-block-column is-layout-flow wp-block-column-is-layout-flow\"><\/div>\n<\/div>\n<\/div>\n\n\n\n<div class=\"wp-block-group alignfull is-style-ext-preset--group--natural-1--section ext-animate--on has-tertiary-background-color has-background has-global-padding is-layout-constrained wp-container-core-group-is-layout-843e5a6d wp-block-group-is-layout-constrained\" style=\"margin-top:0;margin-bottom:0;padding-top:var(--wp--preset--spacing--70);padding-bottom:var(--wp--preset--spacing--70)\">\n<h2 class=\"wp-block-heading has-text-align-center ext-animate--on\">Notre \u00e9quipe s\u2019agrandit !<\/h2>\n\n\n\n<p class=\"has-text-align-center ext-animate--on\" style=\"margin-top:1.5rem\">Joignez-vous \u00e0 Lead Prospect, une firme RevOps dynamique des Cantons-de-l\u2019Est du Qu\u00e9bec, d\u00e9di\u00e9e \u00e0 stimuler la croissance gr\u00e2ce \u00e0 des strat\u00e9gies innovantes en marketing et en d\u00e9veloppement des affaires.<\/p>\n\n\n\n<figure class=\"wp-block-image is-style-ext-preset-image-natural-1-image-1--content-any is-style-ext-preset--image--natural-1--image-1--content-any ext-animate--on is-style-ext-preset--image--natural-1--image-1--content-any--4\"><img loading=\"lazy\" decoding=\"async\" width=\"1024\" height=\"1024\" src=\"https:\/\/leadprospect.ca\/wp-content\/uploads\/2026\/05\/2026-05-15-13-23-58-3b65bdf0-6cdb-4ce6-83d9-3d67b89fcfd6.png\" alt=\"\" class=\"wp-image-411\" style=\"aspect-ratio:16\/9;object-fit:cover\" srcset=\"https:\/\/leadprospect.ca\/wp-content\/uploads\/2026\/05\/2026-05-15-13-23-58-3b65bdf0-6cdb-4ce6-83d9-3d67b89fcfd6.png 1024w, https:\/\/leadprospect.ca\/wp-content\/uploads\/2026\/05\/2026-05-15-13-23-58-3b65bdf0-6cdb-4ce6-83d9-3d67b89fcfd6-300x300.png 300w, https:\/\/leadprospect.ca\/wp-content\/uploads\/2026\/05\/2026-05-15-13-23-58-3b65bdf0-6cdb-4ce6-83d9-3d67b89fcfd6-150x150.png 150w, https:\/\/leadprospect.ca\/wp-content\/uploads\/2026\/05\/2026-05-15-13-23-58-3b65bdf0-6cdb-4ce6-83d9-3d67b89fcfd6-768x768.png 768w, https:\/\/leadprospect.ca\/wp-content\/uploads\/2026\/05\/2026-05-15-13-23-58-3b65bdf0-6cdb-4ce6-83d9-3d67b89fcfd6-12x12.png 12w\" sizes=\"auto, (max-width: 1024px) 100vw, 1024px\" \/><\/figure>\n<\/div>\n\n\n\n<div class=\"wp-block-group alignfull is-style-ext-preset--group--natural-1--section ext-animate--on has-background-background-color has-background has-global-padding is-layout-constrained wp-container-core-group-is-layout-e955bbaf wp-block-group-is-layout-constrained\" style=\"margin-top:0;margin-bottom:0;padding-top:var(--wp--preset--spacing--70);padding-bottom:var(--wp--preset--spacing--70)\">\n<div class=\"wp-block-group alignwide ext-is-logical-start ext-animate--on has-global-padding is-content-justification-left is-layout-constrained wp-container-core-group-is-layout-6729bdbe wp-block-group-is-layout-constrained\">\n<h2 class=\"wp-block-heading ext-animate--on\">Nous grandissons, vous grandissez, nos clients grandissent.<\/h2>\n\n\n\n<p class=\"has-text-align-left ext-animate--on\">Joignez-vous \u00e0 Lead Prospect et profitez d\u2019horaires de travail flexibles, d\u2019occasions de d\u00e9veloppement professionnel et d\u2019un environnement d\u2019\u00e9quipe collaboratif et stimulant.<\/p>\n<\/div>\n\n\n\n<div class=\"wp-block-columns alignwide ext-animate--on is-layout-flex wp-container-core-columns-is-layout-174606dc wp-block-columns-is-layout-flex\">\n<div class=\"wp-block-column is-vertically-aligned-stretch ext-animate--on is-layout-flow wp-container-core-column-is-layout-119bc444 wp-block-column-is-layout-flow\">\n<div class=\"wp-block-cover is-style-ext-preset--image--natural-1--image-1--content-right ext-animate--on is-style-ext-preset--image--natural-1--image-1--content-right--6\" style=\"padding-top:0;padding-bottom:0;min-height:100%;aspect-ratio:unset;\"><img loading=\"lazy\" decoding=\"async\" width=\"1440\" height=\"960\" class=\"wp-block-cover__image-background wp-image-418\" alt=\"\" src=\"https:\/\/leadprospect.ca\/wp-content\/uploads\/2026\/05\/252c7be232f6e7dfbdff49abae3249bec705c1df.jpg\" style=\"object-position:36% 70%\" data-object-fit=\"cover\" data-object-position=\"36% 70%\" srcset=\"https:\/\/leadprospect.ca\/wp-content\/uploads\/2026\/05\/252c7be232f6e7dfbdff49abae3249bec705c1df.jpg 1440w, https:\/\/leadprospect.ca\/wp-content\/uploads\/2026\/05\/252c7be232f6e7dfbdff49abae3249bec705c1df-300x200.jpg 300w, https:\/\/leadprospect.ca\/wp-content\/uploads\/2026\/05\/252c7be232f6e7dfbdff49abae3249bec705c1df-1024x683.jpg 1024w, https:\/\/leadprospect.ca\/wp-content\/uploads\/2026\/05\/252c7be232f6e7dfbdff49abae3249bec705c1df-768x512.jpg 768w, https:\/\/leadprospect.ca\/wp-content\/uploads\/2026\/05\/252c7be232f6e7dfbdff49abae3249bec705c1df-18x12.jpg 18w\" sizes=\"auto, (max-width: 1440px) 100vw, 1440px\" \/><span aria-hidden=\"true\" class=\"wp-block-cover__background has-tertiary-background-color has-background-dim-60 has-background-dim\"><\/span><div class=\"wp-block-cover__inner-container is-layout-flow wp-block-cover-is-layout-flow\">\n<div style=\"height:240px\" aria-hidden=\"true\" class=\"wp-block-spacer ext-animate--on\"><\/div>\n<\/div><\/div>\n<\/div>\n\n\n\n<div class=\"wp-block-column is-vertically-aligned-center ext-animate--on is-layout-flow wp-block-column-is-layout-flow\">\n<div class=\"wp-block-group is-style-ext-preset--group--natural-1--item-card-1--align-start ext-animate--on has-global-padding is-layout-constrained wp-block-group-is-layout-constrained is-style-ext-preset--group--natural-1--item-card-1--align-start--7\">\n<div class=\"wp-block-group is-style-default ext-animate--on has-global-padding is-layout-constrained wp-block-group-is-layout-constrained\">\n<div class=\"wp-block-group ext-animate--on is-nowrap is-layout-flex wp-container-core-group-is-layout-64fa2afa wp-block-group-is-layout-flex\" style=\"padding-top:0;padding-right:0;padding-bottom:0;padding-left:0\">\n<figure class=\"wp-block-image size-full ext-aspect-landscape ext-animate--on wp-duotone-primary-foreground\"><img loading=\"lazy\" decoding=\"async\" width=\"96\" height=\"96\" src=\"https:\/\/leadprospect.ca\/wp-content\/uploads\/2026\/03\/Untitled-design-44.png\" alt=\"\" class=\"wp-image-221\" style=\"object-fit:cover\" srcset=\"https:\/\/leadprospect.ca\/wp-content\/uploads\/2026\/03\/Untitled-design-44.png 96w, https:\/\/leadprospect.ca\/wp-content\/uploads\/2026\/03\/Untitled-design-44-12x12.png 12w\" sizes=\"auto, (max-width: 96px) 100vw, 96px\" \/><\/figure>\n\n\n\n<div class=\"wp-block-group ext-animate--on wp-container-content-958eb9dc has-global-padding is-layout-constrained wp-container-core-group-is-layout-c06d165c wp-block-group-is-layout-constrained\" style=\"padding-top:0;padding-right:0;padding-bottom:0;padding-left:0\">\n<h3 class=\"wp-block-heading ext-animate--on\">Horaires de travail flexibles \u00e0 temps partiel<\/h3>\n\n\n\n<p class=\"ext-animate--on\">Profitez de la libert\u00e9 d\u2019\u00e9quilibrer travail et vie personnelle gr\u00e2ce \u00e0 des horaires adapt\u00e9s \u00e0 votre r\u00e9alit\u00e9, favorisant la productivit\u00e9 et l\u2019\u00e9panouissement professionnel.<\/p>\n<\/div>\n<\/div>\n<\/div>\n<\/div>\n\n\n\n<div class=\"wp-block-group is-style-ext-preset--group--natural-1--item-card-1--align-start ext-animate--on has-global-padding is-layout-constrained wp-block-group-is-layout-constrained is-style-ext-preset--group--natural-1--item-card-1--align-start--8\">\n<div class=\"wp-block-group is-style-default ext-animate--on has-global-padding is-layout-constrained wp-block-group-is-layout-constrained\">\n<div class=\"wp-block-group ext-animate--on is-nowrap is-layout-flex wp-container-core-group-is-layout-64fa2afa wp-block-group-is-layout-flex\" style=\"padding-top:0;padding-right:0;padding-bottom:0;padding-left:0\">\n<figure class=\"wp-block-image size-full ext-aspect-landscape ext-animate--on wp-duotone-primary-foreground\"><img loading=\"lazy\" decoding=\"async\" width=\"96\" height=\"96\" src=\"https:\/\/leadprospect.ca\/wp-content\/uploads\/2026\/03\/Untitled-design-45.png\" alt=\"\" class=\"wp-image-223\" style=\"object-fit:cover\" srcset=\"https:\/\/leadprospect.ca\/wp-content\/uploads\/2026\/03\/Untitled-design-45.png 96w, https:\/\/leadprospect.ca\/wp-content\/uploads\/2026\/03\/Untitled-design-45-12x12.png 12w\" sizes=\"auto, (max-width: 96px) 100vw, 96px\" \/><\/figure>\n\n\n\n<div class=\"wp-block-group ext-animate--on wp-container-content-958eb9dc has-global-padding is-layout-constrained wp-container-core-group-is-layout-c06d165c wp-block-group-is-layout-constrained\" style=\"padding-top:0;padding-right:0;padding-bottom:0;padding-left:0\">\n<h3 class=\"wp-block-heading ext-animate--on\">D\u00e9veloppement professionnel et formation<\/h3>\n\n\n\n<p class=\"ext-animate--on\">Acc\u00e9dez \u00e0 des programmes de formation continue et \u00e0 des parcours de d\u00e9veloppement clairs pour faire \u00e9voluer vos comp\u00e9tences et votre carri\u00e8re au sein d\u2019une firme RevOps dynamique.<\/p>\n<\/div>\n<\/div>\n<\/div>\n<\/div>\n\n\n\n<div class=\"wp-block-group is-style-ext-preset--group--natural-1--item-card-1--align-start ext-animate--on has-global-padding is-layout-constrained wp-block-group-is-layout-constrained is-style-ext-preset--group--natural-1--item-card-1--align-start--9\">\n<div class=\"wp-block-group is-style-default ext-animate--on has-global-padding is-layout-constrained wp-block-group-is-layout-constrained\">\n<div class=\"wp-block-group ext-animate--on is-nowrap is-layout-flex wp-container-core-group-is-layout-64fa2afa wp-block-group-is-layout-flex\" style=\"padding-top:0;padding-right:0;padding-bottom:0;padding-left:0\">\n<figure class=\"wp-block-image size-full ext-aspect-landscape ext-animate--on wp-duotone-primary-foreground\"><img loading=\"lazy\" decoding=\"async\" width=\"96\" height=\"96\" src=\"https:\/\/leadprospect.ca\/wp-content\/uploads\/2026\/03\/Untitled-design-46.png\" alt=\"\" class=\"wp-image-222\" style=\"object-fit:cover\" srcset=\"https:\/\/leadprospect.ca\/wp-content\/uploads\/2026\/03\/Untitled-design-46.png 96w, https:\/\/leadprospect.ca\/wp-content\/uploads\/2026\/03\/Untitled-design-46-12x12.png 12w\" sizes=\"auto, (max-width: 96px) 100vw, 96px\" \/><\/figure>\n\n\n\n<div class=\"wp-block-group ext-animate--on wp-container-content-958eb9dc has-global-padding is-layout-constrained wp-container-core-group-is-layout-c06d165c wp-block-group-is-layout-constrained\" style=\"padding-top:0;padding-right:0;padding-bottom:0;padding-left:0\">\n<h3 class=\"wp-block-heading ext-animate--on\">Culture bilingue et collaborative<\/h3>\n\n\n\n<p class=\"ext-animate--on\">Travaillez dans un environnement bilingue et collaboratif qui valorise la communication, le travail d\u2019\u00e9quipe et l\u2019apprentissage continu.<\/p>\n<\/div>\n<\/div>\n<\/div>\n<\/div>\n\n\n\n<div class=\"wp-block-buttons ext-animate--on is-content-justification-center is-layout-flex wp-container-core-buttons-is-layout-a89b3969 wp-block-buttons-is-layout-flex\">\n<div class=\"wp-block-button has-custom-width wp-block-button__width-100 is-style-ext-preset--button--natural-1--button-1 ext-animate--on is-style-ext-preset--button--natural-1--button-1--10\"><a class=\"wp-block-button__link wp-element-button\" href=\"https:\/\/leadprospect.ca\/fr\/marketing-and-business-development-coordinator\/\">Postulez d\u00e8s maintenant<\/a><\/div>\n<\/div>\n<\/div>\n<\/div>\n<\/div>\n\n\n\n<div class=\"wp-block-group alignfull is-style-ext-preset--group--natural-1--section ext-animate--on has-tertiary-background-color has-background has-global-padding is-layout-constrained wp-container-core-group-is-layout-e96f6837 wp-block-group-is-layout-constrained\" style=\"margin-top:0;margin-bottom:0;padding-top:0;padding-right:0;padding-bottom:0;padding-left:0\">\n<div class=\"wp-block-cover alignfull is-style-ext-preset--cover--natural-1--cover-overlay-1 ext-animate--on is-style-ext-preset--cover--natural-1--cover-overlay-1--12\" style=\"padding-top:var(--wp--preset--spacing--70);padding-right:var(--wp--preset--spacing--30);padding-bottom:var(--wp--preset--spacing--70);padding-left:var(--wp--preset--spacing--30)\"><img loading=\"lazy\" decoding=\"async\" width=\"1024\" height=\"768\" class=\"wp-block-cover__image-background wp-image-72 size-large\" alt=\"\" src=\"https:\/\/leadprospect.ca\/wp-content\/uploads\/2026\/03\/7c404eb554deaaab09a2267a811ded1540c84431-1024x768.jpg\" data-object-fit=\"cover\" srcset=\"https:\/\/leadprospect.ca\/wp-content\/uploads\/2026\/03\/7c404eb554deaaab09a2267a811ded1540c84431-1024x768.jpg 1024w, https:\/\/leadprospect.ca\/wp-content\/uploads\/2026\/03\/7c404eb554deaaab09a2267a811ded1540c84431-300x225.jpg 300w, https:\/\/leadprospect.ca\/wp-content\/uploads\/2026\/03\/7c404eb554deaaab09a2267a811ded1540c84431-768x576.jpg 768w, https:\/\/leadprospect.ca\/wp-content\/uploads\/2026\/03\/7c404eb554deaaab09a2267a811ded1540c84431-16x12.jpg 16w, https:\/\/leadprospect.ca\/wp-content\/uploads\/2026\/03\/7c404eb554deaaab09a2267a811ded1540c84431.jpg 1440w\" sizes=\"auto, (max-width: 1024px) 100vw, 1024px\" \/><span aria-hidden=\"true\" class=\"wp-block-cover__background has-background-dim-80 has-background-dim\" style=\"background-color:#010101\"><\/span><div class=\"wp-block-cover__inner-container has-global-padding is-layout-constrained wp-container-core-cover-is-layout-5cffc2c1 wp-block-cover-is-layout-constrained\">\n<div class=\"wp-block-group alignwide ext-animate--on is-vertical is-content-justification-center is-layout-flex wp-container-core-group-is-layout-c9ee0c5a wp-block-group-is-layout-flex\">\n<div class=\"wp-block-group ext-animate--on has-global-padding is-layout-constrained wp-container-core-group-is-layout-2287c683 wp-block-group-is-layout-constrained\">\n<h2 class=\"wp-block-heading has-text-align-center ext-animate--on\">D\u00e9couvrez des opportunit\u00e9s de carri\u00e8re stimulantes avec nous<\/h2>\n\n\n\n<p class=\"has-text-align-center ext-animate--on\">D\u00e9couvrez comment joindre Lead Prospect peut acc\u00e9l\u00e9rer votre \u00e9volution professionnelle. Apprenez-en davantage sur notre poste flexible \u00e0 temps partiel de coordonnateur(trice) marketing et d\u00e9veloppement des affaires, les comp\u00e9tences que nous valorisons et les possibilit\u00e9s de d\u00e9veloppement professionnel que nous offrons. Soumettez votre CV et votre lettre de motivation d\u00e8s aujourd\u2019hui gr\u00e2ce \u00e0 notre formulaire de candidature simple et rapide.<\/p>\n<\/div>\n\n\n\n<div class=\"wp-block-buttons ext-animate--on is-layout-flex wp-block-buttons-is-layout-flex\">\n<div class=\"wp-block-button is-style-ext-preset--button--natural-1--button-1 ext-animate--on is-style-ext-preset--button--natural-1--button-1--13\"><a class=\"wp-block-button__link has-foreground-color has-primary-background-color has-text-color has-background has-link-color wp-element-button\" href=\"https:\/\/leadprospect.ca\/fr\/marketing-and-business-development-coordinator\/\">Voir les postes disponibles<\/a><\/div>\n<\/div>\n<\/div>\n<\/div><\/div>\n<\/div>","protected":false},"excerpt":{"rendered":"<p>Explore Career Opportunities with Lead Prospect Discover exciting roles at Lead Prospect, learn about our dynamic culture, flexible benefits, and pathways for your professional growth. Marketing and Business Development Coordinator [&hellip;]<\/p>\n","protected":false},"author":1,"featured_media":0,"parent":0,"menu_order":0,"comment_status":"closed","ping_status":"closed","template":"page-with-title","meta":{"_price":"","_stock":"","_tribe_ticket_header":"","_tribe_default_ticket_provider":"","_tribe_ticket_capacity":"0","_ticket_start_date":"","_ticket_end_date":"","_tribe_ticket_show_description":"","_tribe_ticket_show_not_going":false,"_tribe_ticket_use_global_stock":"","_tribe_ticket_global_stock_level":"","_global_stock_mode":"","_global_stock_cap":"","_tribe_rsvp_for_event":"","_tribe_ticket_going_count":"","_tribe_ticket_not_going_count":"","_tribe_tickets_list":"[]","_tribe_ticket_has_attendee_info_fields":false,"_EventAllDay":false,"_EventTimezone":"","_EventStartDate":"","_EventEndDate":"","_EventStartDateUTC":"","_EventEndDateUTC":"","_EventShowMap":false,"_EventShowMapLink":false,"_EventURL":"","_EventCost":"","_EventCostDescription":"","_EventCurrencySymbol":"","_EventCurrencyCode":"","_EventCurrencyPosition":"","_EventDateTimeSeparator":"","_EventTimeRangeSeparator":"","_EventOrganizerID":[],"_EventVenueID":[],"_OrganizerEmail":"","_OrganizerPhone":"","_OrganizerWebsite":"","_VenueAddress":"","_VenueCity":"","_VenueCountry":"","_VenueProvince":"","_VenueState":"","_VenueZip":"","_VenuePhone":"","_VenueURL":"","_VenueStateProvince":"","_VenueLat":"","_VenueLng":"","_VenueShowMap":false,"_VenueShowMapLink":false,"footnotes":"","_tec_slr_enabled":"","_tec_slr_layout":""},"class_list":["post-409","page","type-page","status-publish","hentry"],"ticketed":false,"_links":{"self":[{"href":"https:\/\/leadprospect.ca\/fr\/wp-json\/wp\/v2\/pages\/409","targetHints":{"allow":["GET"]}}],"collection":[{"href":"https:\/\/leadprospect.ca\/fr\/wp-json\/wp\/v2\/pages"}],"about":[{"href":"https:\/\/leadprospect.ca\/fr\/wp-json\/wp\/v2\/types\/page"}],"author":[{"embeddable":true,"href":"https:\/\/leadprospect.ca\/fr\/wp-json\/wp\/v2\/users\/1"}],"replies":[{"embeddable":true,"href":"https:\/\/leadprospect.ca\/fr\/wp-json\/wp\/v2\/comments?post=409"}],"version-history":[{"count":8,"href":"https:\/\/leadprospect.ca\/fr\/wp-json\/wp\/v2\/pages\/409\/revisions"}],"predecessor-version":[{"id":435,"href":"https:\/\/leadprospect.ca\/fr\/wp-json\/wp\/v2\/pages\/409\/revisions\/435"}],"wp:attachment":[{"href":"https:\/\/leadprospect.ca\/fr\/wp-json\/wp\/v2\/media?parent=409"}],"curies":[{"name":"wp","href":"https:\/\/api.w.org\/{rel}","templated":true}]}}